{"id":69,"date":"2024-09-04T22:45:54","date_gmt":"2024-09-04T20:45:54","guid":{"rendered":"https:\/\/quatuorodyssee.com\/?page_id=69"},"modified":"2026-01-04T00:07:30","modified_gmt":"2026-01-03T23:07:30","slug":"media","status":"publish","type":"page","link":"https:\/\/quatuorodyssee.com\/index.php\/media\/","title":{"rendered":"media"},"content":{"rendered":"\n<figure class=\"wp-block-embed is-type-video is-provider-youtube wp-block-embed-youtube wp-embed-aspect-16-9 wp-has-aspect-ratio\"><div class=\"wp-block-embed__wrapper\">\n<iframe loading=\"lazy\" title=\"Extraits Concert Live Mairie XIe\u0300me (Paris) Odysse\u0301e Quartet\" width=\"920\" height=\"518\" src=\"https:\/\/www.youtube.com\/embed\/zVIm-jRKc4g?feature=oembed\" frameborder=\"0\" allow=\"accelerometer; autoplay; clipboard-write; encrypted-media; gyroscope; picture-in-picture; web-share\" referrerpolicy=\"strict-origin-when-cross-origin\" allowfullscreen><\/iframe>\n<\/div><\/figure>\n\n\n\n<figure class=\"wp-block-embed is-type-video is-provider-youtube wp-block-embed-youtube wp-embed-aspect-16-9 wp-has-aspect-ratio\"><div class=\"wp-block-embed__wrapper\">\n<iframe loading=\"lazy\" title=\"Robert Pi\u00e9chaud: Far di kinstler-kedoyshim (Aux artistes martyrs)\" width=\"920\" height=\"518\" src=\"https:\/\/www.youtube.com\/embed\/VPDGWaokanM?feature=oembed\" frameborder=\"0\" allow=\"accelerometer; autoplay; clipboard-write; encrypted-media; gyroscope; picture-in-picture; web-share\" referrerpolicy=\"strict-origin-when-cross-origin\" allowfullscreen><\/iframe>\n<\/div><\/figure>\n\n\n\n<figure class=\"wp-block-embed is-type-video is-provider-youtube wp-block-embed-youtube wp-embed-aspect-16-9 wp-has-aspect-ratio\"><div class=\"wp-block-embed__wrapper\">\n<iframe loading=\"lazy\" title=\"&quot;Oblique Light&quot; Kelly-Marie Murphy - Quatuor Odyss\u00e9e\" width=\"920\" height=\"518\" src=\"https:\/\/www.youtube.com\/embed\/JNPDsW8HC4c?feature=oembed\" frameborder=\"0\" allow=\"accelerometer; autoplay; clipboard-write; encrypted-media; gyroscope; picture-in-picture; web-share\" referrerpolicy=\"strict-origin-when-cross-origin\" allowfullscreen><\/iframe>\n<\/div><\/figure>\n\n\n\n<figure class=\"wp-block-embed is-type-video is-provider-youtube wp-block-embed-youtube wp-embed-aspect-16-9 wp-has-aspect-ratio\"><div class=\"wp-block-embed__wrapper\">\n<iframe loading=\"lazy\" title=\"Quatuor Odyss\u00e9e, Quartet No. 3 by Marek Kopelent\" width=\"920\" height=\"518\" src=\"https:\/\/www.youtube.com\/embed\/0O7HgMd4CgA?feature=oembed\" frameborder=\"0\" allow=\"accelerometer; autoplay; clipboard-write; encrypted-media; gyroscope; picture-in-picture; web-share\" referrerpolicy=\"strict-origin-when-cross-origin\" allowfullscreen><\/iframe>\n<\/div><\/figure>\n\n\n\n<figure class=\"wp-block-embed is-type-video is-provider-youtube wp-block-embed-youtube wp-embed-aspect-16-9 wp-has-aspect-ratio\"><div class=\"wp-block-embed__wrapper\">\n<iframe loading=\"lazy\" title=\"Quatuor Odyss\u00e9e, Quartet No. 13 in G major, Op. 106, (B. 192) by Anton\u00edn Dvo\u0159\u00e1k\" width=\"920\" height=\"518\" src=\"https:\/\/www.youtube.com\/embed\/Ro8o0HsM4nY?feature=oembed\" frameborder=\"0\" allow=\"accelerometer; autoplay; clipboard-write; encrypted-media; gyroscope; picture-in-picture; web-share\" referrerpolicy=\"strict-origin-when-cross-origin\" allowfullscreen><\/iframe>\n<\/div><\/figure>\n\n\n\n<figure class=\"wp-block-embed is-type-video is-provider-youtube wp-block-embed-youtube wp-embed-aspect-16-9 wp-has-aspect-ratio\"><div class=\"wp-block-embed__wrapper\">\n<iframe loading=\"lazy\" title=\"Quatuor Odyss\u00e9e, Darkness Is Not Well-Lit by Nicole Liz\u00e9e\" width=\"920\" height=\"518\" src=\"https:\/\/www.youtube.com\/embed\/eufByyo6qeo?feature=oembed\" frameborder=\"0\" allow=\"accelerometer; autoplay; clipboard-write; encrypted-media; gyroscope; picture-in-picture; web-share\" referrerpolicy=\"strict-origin-when-cross-origin\" allowfullscreen><\/iframe>\n<\/div><\/figure>\n\n\n\n<figure class=\"wp-block-image size-large\"><img loading=\"lazy\" decoding=\"async\" width=\"1024\" height=\"683\" src=\"http:\/\/quatuorodyssee.com\/wp-content\/uploads\/2023\/09\/1672153566880-1024x683.jpg\" alt=\"\" class=\"wp-image-177\" srcset=\"https:\/\/quatuorodyssee.com\/wp-content\/uploads\/2023\/09\/1672153566880-1024x683.jpg 1024w, https:\/\/quatuorodyssee.com\/wp-content\/uploads\/2023\/09\/1672153566880-300x200.jpg 300w, https:\/\/quatuorodyssee.com\/wp-content\/uploads\/2023\/09\/1672153566880-768x512.jpg 768w, https:\/\/quatuorodyssee.com\/wp-content\/uploads\/2023\/09\/1672153566880-1536x1024.jpg 1536w, https:\/\/quatuorodyssee.com\/wp-content\/uploads\/2023\/09\/1672153566880-2048x1365.jpg 2048w, https:\/\/quatuorodyssee.com\/wp-content\/uploads\/2023\/09\/1672153566880-960x640.jpg 960w, https:\/\/quatuorodyssee.com\/wp-content\/uploads\/2023\/09\/1672153566880-606x404.jpg 606w\" sizes=\"auto, (max-width: 1024px) 100vw, 1024px\" \/><\/figure>\n\n\n\n<figure class=\"wp-block-image size-large\"><img loading=\"lazy\" decoding=\"async\" width=\"1024\" height=\"683\" src=\"http:\/\/quatuorodyssee.com\/wp-content\/uploads\/2023\/09\/1672154047176-1024x683.jpg\" alt=\"\" class=\"wp-image-178\" srcset=\"https:\/\/quatuorodyssee.com\/wp-content\/uploads\/2023\/09\/1672154047176-1024x683.jpg 1024w, https:\/\/quatuorodyssee.com\/wp-content\/uploads\/2023\/09\/1672154047176-300x200.jpg 300w, https:\/\/quatuorodyssee.com\/wp-content\/uploads\/2023\/09\/1672154047176-768x512.jpg 768w, https:\/\/quatuorodyssee.com\/wp-content\/uploads\/2023\/09\/1672154047176-1536x1024.jpg 1536w, https:\/\/quatuorodyssee.com\/wp-content\/uploads\/2023\/09\/1672154047176-2048x1365.jpg 2048w, https:\/\/quatuorodyssee.com\/wp-content\/uploads\/2023\/09\/1672154047176-960x640.jpg 960w, https:\/\/quatuorodyssee.com\/wp-content\/uploads\/2023\/09\/1672154047176-606x404.jpg 606w\" sizes=\"auto, (max-width: 1024px) 100vw, 1024px\" \/><\/figure>\n\n\n\n<figure class=\"wp-block-image size-large\"><img loading=\"lazy\" decoding=\"async\" width=\"1024\" height=\"683\" src=\"http:\/\/quatuorodyssee.com\/wp-content\/uploads\/2023\/09\/1672153566994-1024x683.jpg\" alt=\"\" class=\"wp-image-179\" srcset=\"https:\/\/quatuorodyssee.com\/wp-content\/uploads\/2023\/09\/1672153566994-1024x683.jpg 1024w, https:\/\/quatuorodyssee.com\/wp-content\/uploads\/2023\/09\/1672153566994-300x200.jpg 300w, https:\/\/quatuorodyssee.com\/wp-content\/uploads\/2023\/09\/1672153566994-768x512.jpg 768w, https:\/\/quatuorodyssee.com\/wp-content\/uploads\/2023\/09\/1672153566994-1536x1024.jpg 1536w, https:\/\/quatuorodyssee.com\/wp-content\/uploads\/2023\/09\/1672153566994-2048x1366.jpg 2048w, https:\/\/quatuorodyssee.com\/wp-content\/uploads\/2023\/09\/1672153566994-960x640.jpg 960w, https:\/\/quatuorodyssee.com\/wp-content\/uploads\/2023\/09\/1672153566994-606x404.jpg 606w\" sizes=\"auto, (max-width: 1024px) 100vw, 1024px\" \/><\/figure>\n\n\n\n<figure class=\"wp-block-image size-large\"><img loading=\"lazy\" decoding=\"async\" width=\"1024\" height=\"683\" src=\"http:\/\/quatuorodyssee.com\/wp-content\/uploads\/2023\/09\/1672153566942-1024x683.jpg\" alt=\"\" class=\"wp-image-180\" srcset=\"https:\/\/quatuorodyssee.com\/wp-content\/uploads\/2023\/09\/1672153566942-1024x683.jpg 1024w, https:\/\/quatuorodyssee.com\/wp-content\/uploads\/2023\/09\/1672153566942-300x200.jpg 300w, https:\/\/quatuorodyssee.com\/wp-content\/uploads\/2023\/09\/1672153566942-768x512.jpg 768w, https:\/\/quatuorodyssee.com\/wp-content\/uploads\/2023\/09\/1672153566942-1536x1024.jpg 1536w, https:\/\/quatuorodyssee.com\/wp-content\/uploads\/2023\/09\/1672153566942-2048x1365.jpg 2048w, https:\/\/quatuorodyssee.com\/wp-content\/uploads\/2023\/09\/1672153566942-960x640.jpg 960w, https:\/\/quatuorodyssee.com\/wp-content\/uploads\/2023\/09\/1672153566942-606x404.jpg 606w\" sizes=\"auto, (max-width: 1024px) 100vw, 1024px\" \/><\/figure>\n","protected":false},"excerpt":{"rendered":"","protected":false},"author":1,"featured_media":0,"parent":0,"menu_order":1,"comment_status":"closed","ping_status":"closed","template":"","meta":{"footnotes":""},"class_list":["post-69","page","type-page","status-publish","hentry"],"_links":{"self":[{"href":"https:\/\/quatuorodyssee.com\/index.php\/wp-json\/wp\/v2\/pages\/69","targetHints":{"allow":["GET"]}}],"collection":[{"href":"https:\/\/quatuorodyssee.com\/index.php\/wp-json\/wp\/v2\/pages"}],"about":[{"href":"https:\/\/quatuorodyssee.com\/index.php\/wp-json\/wp\/v2\/types\/page"}],"author":[{"embeddable":true,"href":"https:\/\/quatuorodyssee.com\/index.php\/wp-json\/wp\/v2\/users\/1"}],"replies":[{"embeddable":true,"href":"https:\/\/quatuorodyssee.com\/index.php\/wp-json\/wp\/v2\/comments?post=69"}],"version-history":[{"count":7,"href":"https:\/\/quatuorodyssee.com\/index.php\/wp-json\/wp\/v2\/pages\/69\/revisions"}],"predecessor-version":[{"id":393,"href":"https:\/\/quatuorodyssee.com\/index.php\/wp-json\/wp\/v2\/pages\/69\/revisions\/393"}],"wp:attachment":[{"href":"https:\/\/quatuorodyssee.com\/index.php\/wp-json\/wp\/v2\/media?parent=69"}],"curies":[{"name":"wp","href":"https:\/\/api.w.org\/{rel}","templated":true}]}}