{"id":67,"date":"2023-09-12T12:07:23","date_gmt":"2023-09-12T10:07:23","guid":{"rendered":"https:\/\/quatuorodyssee.com\/?page_id=67"},"modified":"2023-09-12T12:14:56","modified_gmt":"2023-09-12T10:14:56","slug":"repertoire","status":"publish","type":"page","link":"https:\/\/quatuorodyssee.com\/index.php\/repertoire\/","title":{"rendered":"repertoire"},"content":{"rendered":"\n<div class=\"wp-block-media-text alignfull is-stacked-on-mobile\"><figure class=\"wp-block-media-text__media\"><img loading=\"lazy\" decoding=\"async\" width=\"1024\" height=\"592\" src=\"http:\/\/quatuorodyssee.com\/wp-content\/uploads\/2023\/09\/lumieresobliques-1-1024x592.png\" alt=\"\" class=\"wp-image-157 size-full\" srcset=\"https:\/\/quatuorodyssee.com\/wp-content\/uploads\/2023\/09\/lumieresobliques-1-1024x592.png 1024w, https:\/\/quatuorodyssee.com\/wp-content\/uploads\/2023\/09\/lumieresobliques-1-300x173.png 300w, https:\/\/quatuorodyssee.com\/wp-content\/uploads\/2023\/09\/lumieresobliques-1-768x444.png 768w, https:\/\/quatuorodyssee.com\/wp-content\/uploads\/2023\/09\/lumieresobliques-1.png 1168w\" sizes=\"auto, (max-width: 1024px) 100vw, 1024px\" \/><\/figure><div class=\"wp-block-media-text__content\">\n<ul class=\"wp-block-list\">\n<li>Derek CHARKE, <em>Sepia fragments<\/em> <\/li>\n\n\n\n<li>Nicole LIZEE, <em>Darkness is not well lit<\/em> \u00a0 <\/li>\n\n\n\n<li>Kelly-Marie MURPHY, <em>Oblique Light<\/em> <\/li>\n\n\n\n<li>Gilles TREMBLAY, <em>Croissant<\/em> <\/li>\n<\/ul>\n<\/div><\/div>\n\n\n\n<p><\/p>\n\n\n\n<div class=\"wp-block-media-text alignfull is-stacked-on-mobile\"><figure class=\"wp-block-media-text__media\"><img loading=\"lazy\" decoding=\"async\" width=\"1024\" height=\"801\" src=\"http:\/\/quatuorodyssee.com\/wp-content\/uploads\/2023\/09\/nuittcheque-1024x801.png\" alt=\"\" class=\"wp-image-158 size-full\" srcset=\"https:\/\/quatuorodyssee.com\/wp-content\/uploads\/2023\/09\/nuittcheque-1024x801.png 1024w, https:\/\/quatuorodyssee.com\/wp-content\/uploads\/2023\/09\/nuittcheque-300x235.png 300w, https:\/\/quatuorodyssee.com\/wp-content\/uploads\/2023\/09\/nuittcheque-768x601.png 768w, https:\/\/quatuorodyssee.com\/wp-content\/uploads\/2023\/09\/nuittcheque.png 1139w\" sizes=\"auto, (max-width: 1024px) 100vw, 1024px\" \/><\/figure><div class=\"wp-block-media-text__content\">\n<ul class=\"wp-block-list\">\n<li>Pavel HAAS, Quatuor n\u00b01, op. 3 <\/li>\n\n\n\n<li>Marek KOPELENT, Quatuor n\u00b03 \u00a0 <\/li>\n\n\n\n<li>Antonin DVORAK, Quatuor n\u00b013 <\/li>\n\n\n\n<li>Anton\u00edn DVORAK, Cypr\u00e8s n\u00b05 B 152 \u00a0 <\/li>\n<\/ul>\n<\/div><\/div>\n\n\n\n<p><\/p>\n\n\n\n<div class=\"wp-block-media-text alignfull is-stacked-on-mobile\"><figure class=\"wp-block-media-text__media\"><img loading=\"lazy\" decoding=\"async\" width=\"1024\" height=\"594\" src=\"http:\/\/quatuorodyssee.com\/wp-content\/uploads\/2023\/09\/invitationauvoyage-1024x594.png\" alt=\"\" class=\"wp-image-159 size-full\" srcset=\"https:\/\/quatuorodyssee.com\/wp-content\/uploads\/2023\/09\/invitationauvoyage-1024x594.png 1024w, https:\/\/quatuorodyssee.com\/wp-content\/uploads\/2023\/09\/invitationauvoyage-300x174.png 300w, https:\/\/quatuorodyssee.com\/wp-content\/uploads\/2023\/09\/invitationauvoyage-768x446.png 768w, https:\/\/quatuorodyssee.com\/wp-content\/uploads\/2023\/09\/invitationauvoyage.png 1454w\" sizes=\"auto, (max-width: 1024px) 100vw, 1024px\" \/><\/figure><div class=\"wp-block-media-text__content\">\n<ul class=\"wp-block-list\">\n<li>Anton WEBERN, 6 Bagatelles Op. 9<\/li>\n\n\n\n<li>Claude DEBUSSY, Quatuor en sol mineur Op.10\u00a0<\/li>\n\n\n\n<li>Henri DUPARC, Invitation au voyage<\/li>\n\n\n\n<li>Antonin REY, cr\u00e9ation \u00e0 partir d&#8217;une m\u00e9lodie japonaise traditionnelle de Toshio Hosokawa : <em>Kuroda-bushi <\/em>pour quatuor et voix<\/li>\n\n\n\n<li>Marie FRASCHINI, Cr\u00e9ation (commande)<\/li>\n<\/ul>\n<\/div><\/div>\n","protected":false},"excerpt":{"rendered":"","protected":false},"author":1,"featured_media":0,"parent":0,"menu_order":0,"comment_status":"closed","ping_status":"closed","template":"","meta":{"footnotes":""},"class_list":["post-67","page","type-page","status-publish","hentry"],"_links":{"self":[{"href":"https:\/\/quatuorodyssee.com\/index.php\/wp-json\/wp\/v2\/pages\/67","targetHints":{"allow":["GET"]}}],"collection":[{"href":"https:\/\/quatuorodyssee.com\/index.php\/wp-json\/wp\/v2\/pages"}],"about":[{"href":"https:\/\/quatuorodyssee.com\/index.php\/wp-json\/wp\/v2\/types\/page"}],"author":[{"embeddable":true,"href":"https:\/\/quatuorodyssee.com\/index.php\/wp-json\/wp\/v2\/users\/1"}],"replies":[{"embeddable":true,"href":"https:\/\/quatuorodyssee.com\/index.php\/wp-json\/wp\/v2\/comments?post=67"}],"version-history":[{"count":8,"href":"https:\/\/quatuorodyssee.com\/index.php\/wp-json\/wp\/v2\/pages\/67\/revisions"}],"predecessor-version":[{"id":168,"href":"https:\/\/quatuorodyssee.com\/index.php\/wp-json\/wp\/v2\/pages\/67\/revisions\/168"}],"wp:attachment":[{"href":"https:\/\/quatuorodyssee.com\/index.php\/wp-json\/wp\/v2\/media?parent=67"}],"curies":[{"name":"wp","href":"https:\/\/api.w.org\/{rel}","templated":true}]}}